{"id":7607,"date":"2024-06-29T00:54:30","date_gmt":"2024-06-29T00:54:30","guid":{"rendered":"https:\/\/fundacioncepytin.org\/?page_id=7607"},"modified":"2024-06-29T00:57:26","modified_gmt":"2024-06-29T00:57:26","slug":"nueva-regimen","status":"publish","type":"page","link":"https:\/\/fundacioncepytin.org\/en\/nueva-regimen\/","title":{"rendered":"Nueva R\u00e9gimen"},"content":{"rendered":"<div data-elementor-type=\"wp-page\" data-elementor-id=\"7607\" class=\"elementor elementor-7607\" data-elementor-post-type=\"page\">\n\t\t\t\t\t\t<section class=\"elementor-section elementor-top-section elementor-element elementor-element-4e1299e elementor-section-boxed elementor-section-gap-beside-yes elementor-section-height-default elementor-section-height-default elementor-section-column-vertical-align-stretch\" data-id=\"4e1299e\" data-element_type=\"section\" data-e-type=\"section\">\n\t\t\t\t\t\t<div class=\"elementor-container elementor-column-gap-extended\">\n\t\t\t\t\t<div class=\"elementor-column elementor-col-100 elementor-top-column elementor-element elementor-element-c6708e3\" data-id=\"c6708e3\" data-element_type=\"column\" data-e-type=\"column\">\n\t\t\t<div class=\"elementor-widget-wrap elementor-element-populated\">\n\t\t\t\t\t\t<div class=\"elementor-element elementor-element-feccbda elementor-widget elementor-widget-text-editor\" data-id=\"feccbda\" data-element_type=\"widget\" data-e-type=\"widget\" data-widget_type=\"text-editor.default\">\n\t\t\t\t<div class=\"elementor-widget-container\">\n\t\t\t\t\t\t\t\t\t<p>Lorem ipsum dolor sit amet, consectetur adipiscing elit. Ut elit tellus, luctus nec ullamcorper mattis, pulvinar dapibus leo.<\/p>\t\t\t\t\t\t\t\t<\/div>\n\t\t\t\t<\/div>\n\t\t\t\t\t<\/div>\n\t\t<\/div>\n\t\t\t\t\t<\/div>\n\t\t<\/section>\n\t\t\t\t<section class=\"elementor-section elementor-top-section elementor-element elementor-element-c7db4f7 elementor-section-gap-beside-no elementor-section-column-vertical-align-middle elementor-section-boxed elementor-section-height-default elementor-section-height-default elementor-section-content-align-center\" data-id=\"c7db4f7\" data-element_type=\"section\" data-e-type=\"section\">\n\t\t\t\t\t\t<div class=\"elementor-container elementor-column-gap-wide\">\n\t\t\t\t\t<div class=\"elementor-column elementor-col-33 elementor-top-column elementor-element elementor-element-99239db\" data-id=\"99239db\" data-element_type=\"column\" data-e-type=\"column\">\n\t\t\t<div class=\"elementor-widget-wrap elementor-element-populated\">\n\t\t\t\t\t\t<div class=\"elementor-element elementor-element-c6c6d53 elementor-align-center elementor-widget elementor-widget-tm-button\" data-id=\"c6c6d53\" data-element_type=\"widget\" data-e-type=\"widget\" data-widget_type=\"tm-button.default\">\n\t\t\t\t<div class=\"elementor-widget-container\">\n\t\t\t\t\t\t\t<div class=\"tm-button-wrapper\">\n\t\t\t<a href=\"https:\/\/fundacioncepytin.org\/wp-content\/uploads\/2024\/06\/52451002317824-FORMATO-5245.pdf\" target=\"_blank\" class=\"tm-button-link tm-button style-flat tm-button-nm\" role=\"button\">\n\t\t\t\t\t\t<div class=\"button-content-wrapper\">\n\t\t\t\n\t\t\t\t\t\t\t<span class=\"button-text\">Actualizaci\u00f3n P\u00e1gina Web<\/span>\n\t\t\t\n\t\t\t\t\t<\/div>\n\t\t\n\t\t\t\t\t\t\t<\/a>\n\t\t<\/div>\n\t\t\t\t\t\t<\/div>\n\t\t\t\t<\/div>\n\t\t\t\t\t<\/div>\n\t\t<\/div>\n\t\t\t\t<div class=\"elementor-column elementor-col-33 elementor-top-column elementor-element elementor-element-6e40786\" data-id=\"6e40786\" data-element_type=\"column\" data-e-type=\"column\">\n\t\t\t<div class=\"elementor-widget-wrap elementor-element-populated\">\n\t\t\t\t\t\t<div class=\"elementor-element elementor-element-109bc37 elementor-align-center elementor-widget elementor-widget-tm-button\" data-id=\"109bc37\" data-element_type=\"widget\" data-e-type=\"widget\" data-widget_type=\"tm-button.default\">\n\t\t\t\t<div class=\"elementor-widget-container\">\n\t\t\t\t\t\t\t<div class=\"tm-button-wrapper\">\n\t\t\t<a href=\"https:\/\/fundacioncepytin.org\/wp-content\/uploads\/2024\/06\/ACTA-No-24.pdf\" target=\"_blank\" class=\"tm-button-link tm-button style-flat tm-button-nm\" role=\"button\">\n\t\t\t\t\t\t<div class=\"button-content-wrapper\">\n\t\t\t\n\t\t\t\t\t\t\t<span class=\"button-text\">Acta No. 24<\/span>\n\t\t\t\n\t\t\t\t\t<\/div>\n\t\t\n\t\t\t\t\t\t\t<\/a>\n\t\t<\/div>\n\t\t\t\t\t\t<\/div>\n\t\t\t\t<\/div>\n\t\t\t\t\t<\/div>\n\t\t<\/div>\n\t\t\t\t<div class=\"elementor-column elementor-col-33 elementor-top-column elementor-element elementor-element-8d9e87e\" data-id=\"8d9e87e\" data-element_type=\"column\" data-e-type=\"column\">\n\t\t\t<div class=\"elementor-widget-wrap elementor-element-populated\">\n\t\t\t\t\t\t<div class=\"elementor-element elementor-element-e162eef elementor-align-center elementor-widget elementor-widget-tm-button\" data-id=\"e162eef\" data-element_type=\"widget\" data-e-type=\"widget\" data-widget_type=\"tm-button.default\">\n\t\t\t\t<div class=\"elementor-widget-container\">\n\t\t\t\t\t\t\t<div class=\"tm-button-wrapper\">\n\t\t\t<a href=\"https:\/\/fundacioncepytin.org\/wp-content\/uploads\/2024\/06\/ACTA-No-24.pdf\" target=\"_blank\" class=\"tm-button-link tm-button style-flat tm-button-nm\" role=\"button\">\n\t\t\t\t\t\t<div class=\"button-content-wrapper\">\n\t\t\t\n\t\t\t\t\t\t\t<span class=\"button-text\">Certificaci\u00f3n Antecedentes Organismos de Control<\/span>\n\t\t\t\n\t\t\t\t\t<\/div>\n\t\t\n\t\t\t\t\t\t\t<\/a>\n\t\t<\/div>\n\t\t\t\t\t\t<\/div>\n\t\t\t\t<\/div>\n\t\t\t\t\t<\/div>\n\t\t<\/div>\n\t\t\t\t\t<\/div>\n\t\t<\/section>\n\t\t\t\t<\/div>","protected":false},"excerpt":{"rendered":"<p>Lorem fistrum por la gloria de mi madre esse jarl aliqua llevame al sircoo. De la pradera ullamco qu\u00e9 dise usteer est\u00e1 la cosa muy malar. Actualizaci\u00f3n P\u00e1gina Web Acta No. 24 Certificaci\u00f3n Antecedentes Organismos de Control<\/p>","protected":false},"author":1,"featured_media":0,"parent":0,"menu_order":0,"comment_status":"closed","ping_status":"closed","template":"","meta":{"_mi_skip_tracking":false,"footnotes":""},"class_list":["post-7607","page","type-page","status-publish","hentry","post-no-thumbnail"],"aioseo_notices":[],"_links":{"self":[{"href":"https:\/\/fundacioncepytin.org\/en\/wp-json\/wp\/v2\/pages\/7607","targetHints":{"allow":["GET"]}}],"collection":[{"href":"https:\/\/fundacioncepytin.org\/en\/wp-json\/wp\/v2\/pages"}],"about":[{"href":"https:\/\/fundacioncepytin.org\/en\/wp-json\/wp\/v2\/types\/page"}],"author":[{"embeddable":true,"href":"https:\/\/fundacioncepytin.org\/en\/wp-json\/wp\/v2\/users\/1"}],"replies":[{"embeddable":true,"href":"https:\/\/fundacioncepytin.org\/en\/wp-json\/wp\/v2\/comments?post=7607"}],"version-history":[{"count":16,"href":"https:\/\/fundacioncepytin.org\/en\/wp-json\/wp\/v2\/pages\/7607\/revisions"}],"predecessor-version":[{"id":7623,"href":"https:\/\/fundacioncepytin.org\/en\/wp-json\/wp\/v2\/pages\/7607\/revisions\/7623"}],"wp:attachment":[{"href":"https:\/\/fundacioncepytin.org\/en\/wp-json\/wp\/v2\/media?parent=7607"}],"curies":[{"name":"wp","href":"https:\/\/api.w.org\/{rel}","templated":true}]}}